{"id":353,"date":"2026-03-17T21:48:55","date_gmt":"2026-03-17T21:48:55","guid":{"rendered":"https:\/\/sysopdemo.com\/baguaspa\/?page_id=353"},"modified":"2026-03-20T17:34:27","modified_gmt":"2026-03-20T17:34:27","slug":"nosotros","status":"publish","type":"page","link":"https:\/\/sysopdemo.com\/baguaspa\/nosotros\/","title":{"rendered":"Nosotros"},"content":{"rendered":"\t\t<div data-elementor-type=\"wp-page\" data-elementor-id=\"353\" class=\"elementor elementor-353\" data-elementor-post-type=\"page\">\n\t\t\t\t<div class=\"elementor-element elementor-element-5891146 e-con-full e-flex e-con e-parent\" data-id=\"5891146\" data-element_type=\"container\" data-e-type=\"container\" data-settings=\"{&quot;background_background&quot;:&quot;gradient&quot;}\">\n\t\t<div class=\"elementor-element elementor-element-d9dbf4d e-con-full e-flex e-con e-child\" data-id=\"d9dbf4d\" data-element_type=\"container\" data-e-type=\"container\" data-settings=\"{&quot;background_background&quot;:&quot;classic&quot;,&quot;animation&quot;:&quot;none&quot;}\">\n\t\t\t\t<div class=\"elementor-element elementor-element-37a2701 elementor-invisible elementor-widget elementor-widget-heading\" data-id=\"37a2701\" data-element_type=\"widget\" data-e-type=\"widget\" data-settings=\"{&quot;_animation&quot;:&quot;fadeInLeft&quot;}\" data-widget_type=\"heading.default\">\n\t\t\t\t<div class=\"elementor-widget-container\">\n\t\t\t\t\t<h2 class=\"elementor-heading-title elementor-size-default\">acerca de nosotros<\/h2>\t\t\t\t<\/div>\n\t\t\t\t<\/div>\n\t\t\t\t<div class=\"elementor-element elementor-element-973e0c6 elementor-widget elementor-widget-text-editor\" data-id=\"973e0c6\" data-element_type=\"widget\" data-e-type=\"widget\" data-widget_type=\"text-editor.default\">\n\t\t\t\t<div class=\"elementor-widget-container\">\n\t\t\t\t\t\t\t\t\t<p data-start=\"131\" data-end=\"461\">M\u00e1s que un spa, somos un espacio concebido para el bienestar integral. Creamos una atm\u00f3sfera donde cada elemento \u2014aromas sutiles, sonidos armoniosos y t\u00e9cnicas especializadas\u2014 est\u00e1 cuidadosamente dise\u00f1ado para invitarte a desconectarte del exterior y reconectar contigo mismo, permitiendo que cuerpo y mente encuentren equilibrio.<\/p><p data-start=\"463\" data-end=\"774\">Con m\u00e1s de dos d\u00e9cadas de experiencia, hemos desarrollado un enfoque que combina conocimiento profesional, sensibilidad terap\u00e9utica y el uso de productos de alta calidad. Cada tratamiento es personalizado, adapt\u00e1ndose a las necesidades espec\u00edficas de cada persona para ofrecer resultados aut\u00e9nticos y duraderos.<\/p><p data-start=\"776\" data-end=\"990\">Nuestra filosof\u00eda se basa en la atenci\u00f3n cercana, la excelencia en el servicio y la capacitaci\u00f3n constante de nuestro equipo, garantizando experiencias que no solo relajan, sino que tambi\u00e9n restauran y revitalizan.<\/p>\t\t\t\t\t\t\t\t<\/div>\n\t\t\t\t<\/div>\n\t\t\t\t<div class=\"elementor-element elementor-element-e88d84d elementor-widget-divider--view-line elementor-widget elementor-widget-divider\" data-id=\"e88d84d\" data-element_type=\"widget\" data-e-type=\"widget\" data-widget_type=\"divider.default\">\n\t\t\t\t<div class=\"elementor-widget-container\">\n\t\t\t\t\t\t\t<div class=\"elementor-divider\">\n\t\t\t<span class=\"elementor-divider-separator\">\n\t\t\t\t\t\t<\/span>\n\t\t<\/div>\n\t\t\t\t\t\t<\/div>\n\t\t\t\t<\/div>\n\t\t\t\t<\/div>\n\t\t<div class=\"elementor-element elementor-element-3ac6f67 e-con-full e-flex e-con e-child\" data-id=\"3ac6f67\" data-element_type=\"container\" data-e-type=\"container\" data-settings=\"{&quot;background_background&quot;:&quot;classic&quot;}\">\n\t\t\t\t<div class=\"elementor-element elementor-element-58db67c elementor-invisible elementor-widget elementor-widget-ucaddon_subtle_overlay_content_box\" data-id=\"58db67c\" data-element_type=\"widget\" data-e-type=\"widget\" data-settings=\"{&quot;_animation&quot;:&quot;fadeIn&quot;,&quot;_animation_delay&quot;:300}\" data-widget_type=\"ucaddon_subtle_overlay_content_box.default\">\n\t\t\t\t<div class=\"elementor-widget-container\">\n\t\t\t\t\t\n<!-- start Content Box Overlay -->\n\t\t<link id='font-awesome-css' href='https:\/\/sysopdemo.com\/baguaspa\/wp-content\/plugins\/unlimited-elements-for-elementor-premium\/assets_libraries\/font-awesome6\/fontawesome-all.min.css' type='text\/css' rel='stylesheet' >\n\t\t<link id='font-awesome-4-shim-css' href='https:\/\/sysopdemo.com\/baguaspa\/wp-content\/plugins\/unlimited-elements-for-elementor-premium\/assets_libraries\/font-awesome6\/fontawesome-v4-shims.min.css' type='text\/css' rel='stylesheet' >\n\n<style>\/* widget: Content Box Overlay *\/\n\n#uc_subtle_overlay_content_box_elementor_58db67c{\n  position:relative;\n  display:block;\n  overflow:hidden;\n}\n#uc_subtle_overlay_content_box_elementor_58db67c img{\n  width:100%;\n  display:block;\n}\n#uc_subtle_overlay_content_box_elementor_58db67c .blox_centered_text{\n  position:absolute;\n  top:50%;\n  transform:translatey(-50%);\n  text-align:center;\n  color:white;\n  width:100%;\n}\n\n#uc_subtle_overlay_content_box_elementor_58db67c span.classic_line{\n display:inline-block;\n}\n\n\n  #uc_subtle_overlay_content_box_elementor_58db67c .ue_box_link{\n    position:absolute;\n    width:100%;\n    height:100%;\n    top:0;\n    left:0;\n  }\n\n\n.blox_classic_title{\n  font-size: 36px;\n}\n\n.blox_classic_subtitle{\n  font-size:20px;\n}\n\n<\/style>\n\n<div class=\"ue-box \" id=\"uc_subtle_overlay_content_box_elementor_58db67c\">\n  <img decoding=\"async\" class=\"content_box_img\" src=\"https:\/\/sysopdemo.com\/baguaspa\/wp-content\/uploads\/2026\/03\/Massage1.png\" alt=\"Massage1\">\n  <div class=\"blox_centered_text\">\n          <div  class=\"blox_classic_title ue-title\">Prueba Nuestros Servicios<\/div>     <span class=\"classic_line\"><\/span>     <div class=\"blox_classic_subtitle ue-sub\">D\u00e9jate llevar por la experiencia Bagua<\/div>  <\/div>\n  <a href=\"http:\/\/sysopdemo.com\/baguaspa\/servicios\"  class=\"ue_box_link\"><\/a>  <\/div>\n<!-- end Content Box Overlay -->\t\t\t\t<\/div>\n\t\t\t\t<\/div>\n\t\t\t\t<\/div>\n\t\t\t\t<\/div>\n\t\t<div class=\"elementor-element elementor-element-1c6e17f e-flex e-con-boxed e-con e-parent\" data-id=\"1c6e17f\" data-element_type=\"container\" data-e-type=\"container\" data-settings=\"{&quot;background_background&quot;:&quot;classic&quot;}\">\n\t\t\t\t\t<div class=\"e-con-inner\">\n\t\t\t\t<div class=\"elementor-element elementor-element-283c9bc elementor-cta--valign-middle elementor-cta--skin-classic elementor-animated-content elementor-invisible elementor-widget elementor-widget-call-to-action\" data-id=\"283c9bc\" data-element_type=\"widget\" data-e-type=\"widget\" data-settings=\"{&quot;_animation&quot;:&quot;fadeInUp&quot;}\" data-widget_type=\"call-to-action.default\">\n\t\t\t\t<div class=\"elementor-widget-container\">\n\t\t\t\t\t\t\t<div class=\"elementor-cta\">\n\t\t\t\t\t\t\t<div class=\"elementor-cta__content\">\n\t\t\t\t\n\t\t\t\t\t\t\t\t\t<h2 class=\"elementor-cta__title elementor-cta__content-item elementor-content-item\">\n\t\t\t\t\t\tVIVE UNA EXPERIENCIA\t\t\t\t\t<\/h2>\n\t\t\t\t\n\t\t\t\t\t\t\t\t\t<div class=\"elementor-cta__description elementor-cta__content-item elementor-content-item\">\n\t\t\t\t\t\tDonde el cuidado es arte, la relajaci\u00f3n es ciencia y el bienestar es nuestro compromiso\t\t\t\t\t<\/div>\n\t\t\t\t\n\t\t\t\t\t\t\t\t\t<div class=\"elementor-cta__button-wrapper elementor-cta__content-item elementor-content-item \">\n\t\t\t\t\t<a class=\"elementor-cta__button elementor-button elementor-size-\" href=\"http:\/\/sysopdemo.com\/baguaspa\/contacto\">\n\t\t\t\t\t\tAgenda tu cita\t\t\t\t\t<\/a>\n\t\t\t\t\t<\/div>\n\t\t\t\t\t\t\t<\/div>\n\t\t\t\t\t\t<\/div>\n\t\t\t\t\t\t<\/div>\n\t\t\t\t<\/div>\n\t\t\t\t\t<\/div>\n\t\t\t\t<\/div>\n\t\t\t\t<\/div>\n\t\t","protected":false},"excerpt":{"rendered":"<p>acerca de nosotros M\u00e1s que un spa, somos un espacio concebido para el bienestar integral. Creamos una atm\u00f3sfera donde cada [&hellip;]<\/p>\n","protected":false},"author":1,"featured_media":0,"parent":0,"menu_order":0,"comment_status":"closed","ping_status":"closed","template":"","meta":{"site-sidebar-layout":"no-sidebar","site-content-layout":"","ast-site-content-layout":"full-width-container","site-content-style":"default","site-sidebar-style":"default","ast-global-header-display":"","ast-banner-title-visibility":"","ast-main-header-display":"","ast-hfb-above-header-display":"","ast-hfb-below-header-display":"","ast-hfb-mobile-header-display":"","site-post-title":"disabled","ast-breadcrumbs-content":"","ast-featured-img":"disabled","footer-sml-layout":"","ast-disable-related-posts":"","theme-transparent-header-meta":"","adv-header-id-meta":"","stick-header-meta":"","header-above-stick-meta":"","header-main-stick-meta":"","header-below-stick-meta":"","astra-migrate-meta-layouts":"default","ast-page-background-enabled":"default","ast-page-background-meta":{"desktop":{"background-color":"var(--ast-global-color-5)","background-image":"","background-repeat":"repeat","background-position":"center center","background-size":"auto","background-attachment":"scroll","background-type":"","background-media":"","overlay-type":"","overlay-color":"","overlay-opacity":"","overlay-gradient":""},"tablet":{"background-color":"","background-image":"","background-repeat":"repeat","background-position":"center center","background-size":"auto","background-attachment":"scroll","background-type":"","background-media":"","overlay-type":"","overlay-color":"","overlay-opacity":"","overlay-gradient":""},"mobile":{"background-color":"","background-image":"","background-repeat":"repeat","background-position":"center center","background-size":"auto","background-attachment":"scroll","background-type":"","background-media":"","overlay-type":"","overlay-color":"","overlay-opacity":"","overlay-gradient":""}},"ast-content-background-meta":{"desktop":{"background-color":"var(--ast-global-color-4)","background-image":"","background-repeat":"repeat","background-position":"center center","background-size":"auto","background-attachment":"scroll","background-type":"","background-media":"","overlay-type":"","overlay-color":"","overlay-opacity":"","overlay-gradient":""},"tablet":{"background-color":"var(--ast-global-color-4)","background-image":"","background-repeat":"repeat","background-position":"center center","background-size":"auto","background-attachment":"scroll","background-type":"","background-media":"","overlay-type":"","overlay-color":"","overlay-opacity":"","overlay-gradient":""},"mobile":{"background-color":"var(--ast-global-color-4)","background-image":"","background-repeat":"repeat","background-position":"center center","background-size":"auto","background-attachment":"scroll","background-type":"","background-media":"","overlay-type":"","overlay-color":"","overlay-opacity":"","overlay-gradient":""}},"_joinchat":[],"footnotes":""},"class_list":["post-353","page","type-page","status-publish","hentry"],"_links":{"self":[{"href":"https:\/\/sysopdemo.com\/baguaspa\/wp-json\/wp\/v2\/pages\/353","targetHints":{"allow":["GET"]}}],"collection":[{"href":"https:\/\/sysopdemo.com\/baguaspa\/wp-json\/wp\/v2\/pages"}],"about":[{"href":"https:\/\/sysopdemo.com\/baguaspa\/wp-json\/wp\/v2\/types\/page"}],"author":[{"embeddable":true,"href":"https:\/\/sysopdemo.com\/baguaspa\/wp-json\/wp\/v2\/users\/1"}],"replies":[{"embeddable":true,"href":"https:\/\/sysopdemo.com\/baguaspa\/wp-json\/wp\/v2\/comments?post=353"}],"version-history":[{"count":43,"href":"https:\/\/sysopdemo.com\/baguaspa\/wp-json\/wp\/v2\/pages\/353\/revisions"}],"predecessor-version":[{"id":930,"href":"https:\/\/sysopdemo.com\/baguaspa\/wp-json\/wp\/v2\/pages\/353\/revisions\/930"}],"wp:attachment":[{"href":"https:\/\/sysopdemo.com\/baguaspa\/wp-json\/wp\/v2\/media?parent=353"}],"curies":[{"name":"wp","href":"https:\/\/api.w.org\/{rel}","templated":true}]}}