{"id":1313,"date":"2026-04-17T18:59:11","date_gmt":"2026-04-17T18:59:11","guid":{"rendered":"https:\/\/sysopdemo.com\/baguaspa\/?post_type=product&#038;p=1313"},"modified":"2026-04-20T22:01:56","modified_gmt":"2026-04-20T22:01:56","slug":"gift-card-masaje-bagua","status":"publish","type":"product","link":"https:\/\/sysopdemo.com\/baguaspa\/producto\/gift-card-masaje-bagua\/","title":{"rendered":"Gift Card &#8211; Masaje Bagua"},"content":{"rendered":"<p>Masaje relajante compuesto de diferentes t\u00e9cnicas manuales con una intensidad de presi\u00f3n media, un ritmo lento y constante con la finalidad de relajar, aliviar tensi\u00f3n muscular, reduce la fatiga, ofrece al cuerpo y a la mente un estado profundo de bienestar y relajaci\u00f3n.<\/p>\n<p>Restaura la armon\u00eda en tu cuerpo y tu mente.<\/p>\n","protected":false},"excerpt":{"rendered":"<p>Masaje relajante compuesto de diferentes t\u00e9cnicas manuales con una intensidad de presi\u00f3n media y un ritmo lento y constante.<\/p>\n","protected":false},"featured_media":1234,"template":"","meta":{"site-sidebar-layout":"default","site-content-layout":"","ast-site-content-layout":"default","site-content-style":"default","site-sidebar-style":"default","ast-global-header-display":"","ast-banner-title-visibility":"","ast-main-header-display":"","ast-hfb-above-header-display":"","ast-hfb-below-header-display":"","ast-hfb-mobile-header-display":"","site-post-title":"","ast-breadcrumbs-content":"","ast-featured-img":"","footer-sml-layout":"","ast-disable-related-posts":"","theme-transparent-header-meta":"default","adv-header-id-meta":"","stick-header-meta":"","header-above-stick-meta":"","header-main-stick-meta":"","header-below-stick-meta":"","astra-migrate-meta-layouts":"set","ast-page-background-enabled":"default","ast-page-background-meta":{"desktop":{"background-color":"var(--ast-global-color-5)","background-image":"","background-repeat":"repeat","background-position":"center center","background-size":"auto","background-attachment":"scroll","background-type":"","background-media":"","overlay-type":"","overlay-color":"","overlay-opacity":"","overlay-gradient":""},"tablet":{"background-color":"","background-image":"","background-repeat":"repeat","background-position":"center center","background-size":"auto","background-attachment":"scroll","background-type":"","background-media":"","overlay-type":"","overlay-color":"","overlay-opacity":"","overlay-gradient":""},"mobile":{"background-color":"","background-image":"","background-repeat":"repeat","background-position":"center center","background-size":"auto","background-attachment":"scroll","background-type":"","background-media":"","overlay-type":"","overlay-color":"","overlay-opacity":"","overlay-gradient":""}},"ast-content-background-meta":{"desktop":{"background-color":"var(--ast-global-color-4)","background-image":"","background-repeat":"repeat","background-position":"center center","background-size":"auto","background-attachment":"scroll","background-type":"","background-media":"","overlay-type":"","overlay-color":"","overlay-opacity":"","overlay-gradient":""},"tablet":{"background-color":"var(--ast-global-color-4)","background-image":"","background-repeat":"repeat","background-position":"center center","background-size":"auto","background-attachment":"scroll","background-type":"","background-media":"","overlay-type":"","overlay-color":"","overlay-opacity":"","overlay-gradient":""},"mobile":{"background-color":"var(--ast-global-color-4)","background-image":"","background-repeat":"repeat","background-position":"center center","background-size":"auto","background-attachment":"scroll","background-type":"","background-media":"","overlay-type":"","overlay-color":"","overlay-opacity":"","overlay-gradient":""}},"_joinchat":[]},"product_brand":[],"product_cat":[33],"product_tag":[],"class_list":{"0":"post-1313","1":"product","2":"type-product","3":"status-publish","4":"has-post-thumbnail","6":"product_cat-gift-card","7":"desktop-align-left","8":"tablet-align-left","9":"mobile-align-left","11":"first","12":"instock","13":"taxable","14":"shipping-taxable","15":"purchasable","16":"product-type-variable"},"_links":{"self":[{"href":"https:\/\/sysopdemo.com\/baguaspa\/wp-json\/wp\/v2\/product\/1313","targetHints":{"allow":["GET"]}}],"collection":[{"href":"https:\/\/sysopdemo.com\/baguaspa\/wp-json\/wp\/v2\/product"}],"about":[{"href":"https:\/\/sysopdemo.com\/baguaspa\/wp-json\/wp\/v2\/types\/product"}],"wp:featuredmedia":[{"embeddable":true,"href":"https:\/\/sysopdemo.com\/baguaspa\/wp-json\/wp\/v2\/media\/1234"}],"wp:attachment":[{"href":"https:\/\/sysopdemo.com\/baguaspa\/wp-json\/wp\/v2\/media?parent=1313"}],"wp:term":[{"taxonomy":"product_brand","embeddable":true,"href":"https:\/\/sysopdemo.com\/baguaspa\/wp-json\/wp\/v2\/product_brand?post=1313"},{"taxonomy":"product_cat","embeddable":true,"href":"https:\/\/sysopdemo.com\/baguaspa\/wp-json\/wp\/v2\/product_cat?post=1313"},{"taxonomy":"product_tag","embeddable":true,"href":"https:\/\/sysopdemo.com\/baguaspa\/wp-json\/wp\/v2\/product_tag?post=1313"}],"curies":[{"name":"wp","href":"https:\/\/api.w.org\/{rel}","templated":true}]}}