{"id":1372,"date":"2026-04-17T22:50:01","date_gmt":"2026-04-17T22:50:01","guid":{"rendered":"https:\/\/sysopdemo.com\/baguaspa\/?post_type=product&#038;p=1372"},"modified":"2026-04-23T19:07:28","modified_gmt":"2026-04-23T19:07:28","slug":"masaje-reductivo-2-horas","status":"publish","type":"product","link":"https:\/\/sysopdemo.com\/baguaspa\/producto\/masaje-reductivo-2-horas\/","title":{"rendered":"Exfoliaci\u00f3n Bagua"},"content":{"rendered":"<p>La exfoliaci\u00f3n corporal es una rutina deliciosa para la piel y para la mente. Exfoliar la piel del cuerpo hace al tejido m\u00e1s saludable por dentro y por fuera, la exfoliaci\u00f3n es una limpieza profunda a trav\u00e9s de la cual se remueven c\u00e9lulas muertas para activar la regeneraci\u00f3n celular y ofrecer un tejido totalmente nuevo y libre de impurezas.<\/p>\n","protected":false},"excerpt":{"rendered":"<p>La exfoliaci\u00f3n es una limpieza profunda a trav\u00e9s de la cual se remueven c\u00e9lulas muertas para activar la regeneraci\u00f3n celular y ofrecer un tejido totalmente nuevo y libre de impurezas.<\/p>\n","protected":false},"featured_media":1448,"template":"","meta":{"site-sidebar-layout":"default","site-content-layout":"","ast-site-content-layout":"default","site-content-style":"default","site-sidebar-style":"default","ast-global-header-display":"","ast-banner-title-visibility":"","ast-main-header-display":"","ast-hfb-above-header-display":"","ast-hfb-below-header-display":"","ast-hfb-mobile-header-display":"","site-post-title":"","ast-breadcrumbs-content":"","ast-featured-img":"","footer-sml-layout":"","ast-disable-related-posts":"","theme-transparent-header-meta":"default","adv-header-id-meta":"","stick-header-meta":"","header-above-stick-meta":"","header-main-stick-meta":"","header-below-stick-meta":"","astra-migrate-meta-layouts":"set","ast-page-background-enabled":"default","ast-page-background-meta":{"desktop":{"background-color":"var(--ast-global-color-5)","background-image":"","background-repeat":"repeat","background-position":"center center","background-size":"auto","background-attachment":"scroll","background-type":"","background-media":"","overlay-type":"","overlay-color":"","overlay-opacity":"","overlay-gradient":""},"tablet":{"background-color":"","background-image":"","background-repeat":"repeat","background-position":"center center","background-size":"auto","background-attachment":"scroll","background-type":"","background-media":"","overlay-type":"","overlay-color":"","overlay-opacity":"","overlay-gradient":""},"mobile":{"background-color":"","background-image":"","background-repeat":"repeat","background-position":"center center","background-size":"auto","background-attachment":"scroll","background-type":"","background-media":"","overlay-type":"","overlay-color":"","overlay-opacity":"","overlay-gradient":""}},"ast-content-background-meta":{"desktop":{"background-color":"var(--ast-global-color-4)","background-image":"","background-repeat":"repeat","background-position":"center center","background-size":"auto","background-attachment":"scroll","background-type":"","background-media":"","overlay-type":"","overlay-color":"","overlay-opacity":"","overlay-gradient":""},"tablet":{"background-color":"var(--ast-global-color-4)","background-image":"","background-repeat":"repeat","background-position":"center center","background-size":"auto","background-attachment":"scroll","background-type":"","background-media":"","overlay-type":"","overlay-color":"","overlay-opacity":"","overlay-gradient":""},"mobile":{"background-color":"var(--ast-global-color-4)","background-image":"","background-repeat":"repeat","background-position":"center center","background-size":"auto","background-attachment":"scroll","background-type":"","background-media":"","overlay-type":"","overlay-color":"","overlay-opacity":"","overlay-gradient":""}},"_joinchat":[]},"product_brand":[],"product_cat":[26],"product_tag":[],"class_list":{"0":"post-1372","1":"product","2":"type-product","3":"status-publish","4":"has-post-thumbnail","6":"product_cat-tratamientos-corporales","7":"desktop-align-left","8":"tablet-align-left","9":"mobile-align-left","11":"first","12":"instock","13":"virtual","14":"taxable","15":"purchasable","16":"product-type-simple"},"_links":{"self":[{"href":"https:\/\/sysopdemo.com\/baguaspa\/wp-json\/wp\/v2\/product\/1372","targetHints":{"allow":["GET"]}}],"collection":[{"href":"https:\/\/sysopdemo.com\/baguaspa\/wp-json\/wp\/v2\/product"}],"about":[{"href":"https:\/\/sysopdemo.com\/baguaspa\/wp-json\/wp\/v2\/types\/product"}],"wp:featuredmedia":[{"embeddable":true,"href":"https:\/\/sysopdemo.com\/baguaspa\/wp-json\/wp\/v2\/media\/1448"}],"wp:attachment":[{"href":"https:\/\/sysopdemo.com\/baguaspa\/wp-json\/wp\/v2\/media?parent=1372"}],"wp:term":[{"taxonomy":"product_brand","embeddable":true,"href":"https:\/\/sysopdemo.com\/baguaspa\/wp-json\/wp\/v2\/product_brand?post=1372"},{"taxonomy":"product_cat","embeddable":true,"href":"https:\/\/sysopdemo.com\/baguaspa\/wp-json\/wp\/v2\/product_cat?post=1372"},{"taxonomy":"product_tag","embeddable":true,"href":"https:\/\/sysopdemo.com\/baguaspa\/wp-json\/wp\/v2\/product_tag?post=1372"}],"curies":[{"name":"wp","href":"https:\/\/api.w.org\/{rel}","templated":true}]}}